{"id":29,"date":"2024-08-20T10:13:38","date_gmt":"2024-08-20T08:13:38","guid":{"rendered":"https:\/\/stolmar.pl\/?page_id=29"},"modified":"2024-11-21T07:05:14","modified_gmt":"2024-11-21T06:05:14","slug":"galeria-stolmar-meble-na-kazdy-wymiar-grajewo","status":"publish","type":"page","link":"https:\/\/stolmar.pl\/?page_id=29","title":{"rendered":"Galeria"},"content":{"rendered":"\n<p class=\"has-text-align-center\"><\/p>\n\n\n\n<div class=\"wp-block-group is-layout-constrained wp-block-group-is-layout-constrained\">\n<div class=\"wp-block-group is-content-justification-center is-nowrap is-layout-flex wp-container-core-group-is-layout-23441af8 wp-block-group-is-layout-flex\">\nngg_shortcode_0_placeholder\n\n\n\nngg_shortcode_1_placeholder\n<\/div>\n<\/div>\n\n\n\n<div class=\"wp-block-group is-content-justification-center is-nowrap is-layout-flex wp-container-core-group-is-layout-23441af8 wp-block-group-is-layout-flex\">\nngg_shortcode_2_placeholder\n\n\n\nngg_shortcode_3_placeholder\n<\/div>\n\n\n\n<div class=\"wp-block-group is-content-justification-center is-nowrap is-layout-flex wp-container-core-group-is-layout-23441af8 wp-block-group-is-layout-flex\">\nngg_shortcode_4_placeholder\n\n\n\nngg_shortcode_5_placeholder\n<\/div>\n\n\n\n<div class=\"wp-block-group is-content-justification-center is-nowrap is-layout-flex wp-container-core-group-is-layout-23441af8 wp-block-group-is-layout-flex\">\nngg_shortcode_6_placeholder\n\n\n\nngg_shortcode_7_placeholder\n<\/div>\n\n\n\n<div class=\"wp-block-group is-content-justification-center is-nowrap is-layout-flex wp-container-core-group-is-layout-23441af8 wp-block-group-is-layout-flex\">\nngg_shortcode_8_placeholder\n\n\n\nngg_shortcode_9_placeholder\n<\/div>\n\n\n\n<div class=\"wp-block-group is-content-justification-center is-nowrap is-layout-flex wp-container-core-group-is-layout-23441af8 wp-block-group-is-layout-flex\">\n<div class=\"wp-block-group is-nowrap is-layout-flex wp-container-core-group-is-layout-6c531013 wp-block-group-is-layout-flex\">\nngg_shortcode_10_placeholder\n<\/div>\n\n\n\nngg_shortcode_11_placeholder\n<\/div>\n\n\n<center>\n\nngg_shortcode_12_placeholder\n\n<\/center>\n\n\n<p><\/p>\n","protected":false},"excerpt":{"rendered":"","protected":false},"author":1,"featured_media":0,"parent":0,"menu_order":0,"comment_status":"closed","ping_status":"closed","template":"","meta":{"ngg_post_thumbnail":0,"footnotes":""},"class_list":["post-29","page","type-page","status-publish","hentry"],"yoast_head":"<!-- This site is optimized with the Yoast SEO plugin v27.4 - https:\/\/yoast.com\/product\/yoast-seo-wordpress\/ -->\n<title>stolmar.pl - Galeria - Stolmar - meble na ka\u017cdy wymiar - Grajewo<\/title>\n<meta name=\"description\" content=\"Galeria realizacji projekt\u00f3w - Stolmar - meble na ka\u017cdy wymiar. Strona przedstawia w postaci galerii realizacji projekt\u00f3w Stolmar w Grajewie.\" \/>\n<meta name=\"robots\" content=\"index, follow, max-snippet:-1, max-image-preview:large, max-video-preview:-1\" \/>\n<link rel=\"canonical\" href=\"https:\/\/stolmar.pl\/?page_id=29\" \/>\n<meta property=\"og:locale\" content=\"pl_PL\" \/>\n<meta property=\"og:type\" content=\"article\" \/>\n<meta property=\"og:title\" content=\"stolmar.pl - Galeria - Stolmar - meble na ka\u017cdy wymiar - Grajewo\" \/>\n<meta property=\"og:description\" content=\"Galeria realizacji projekt\u00f3w - Stolmar - meble na ka\u017cdy wymiar. Strona przedstawia w postaci galerii realizacji projekt\u00f3w Stolmar w Grajewie.\" \/>\n<meta property=\"og:url\" content=\"https:\/\/stolmar.pl\/?page_id=29\" \/>\n<meta property=\"og:site_name\" content=\"Stolmar - meble na ka\u017cdy wymiar\" \/>\n<meta property=\"article:publisher\" content=\"https:\/\/www.facebook.com\/stolmar.grajewo\" \/>\n<meta property=\"article:modified_time\" content=\"2024-11-21T06:05:14+00:00\" \/>\n<meta name=\"twitter:card\" content=\"summary_large_image\" \/>\n<meta name=\"twitter:label1\" content=\"Szacowany czas czytania\" \/>\n\t<meta name=\"twitter:data1\" content=\"1 minuta\" \/>\n<script type=\"application\/ld+json\" class=\"yoast-schema-graph\">{\"@context\":\"https:\\\/\\\/schema.org\",\"@graph\":[{\"@type\":\"WebPage\",\"@id\":\"https:\\\/\\\/stolmar.pl\\\/?page_id=29\",\"url\":\"https:\\\/\\\/stolmar.pl\\\/?page_id=29\",\"name\":\"stolmar.pl - Galeria - Stolmar - meble na ka\u017cdy wymiar - Grajewo\",\"isPartOf\":{\"@id\":\"https:\\\/\\\/stolmar.pl\\\/#website\"},\"datePublished\":\"2024-08-20T08:13:38+00:00\",\"dateModified\":\"2024-11-21T06:05:14+00:00\",\"description\":\"Galeria realizacji projekt\u00f3w - Stolmar - meble na ka\u017cdy wymiar. Strona przedstawia w postaci galerii realizacji projekt\u00f3w Stolmar w Grajewie.\",\"breadcrumb\":{\"@id\":\"https:\\\/\\\/stolmar.pl\\\/?page_id=29#breadcrumb\"},\"inLanguage\":\"pl-PL\",\"potentialAction\":[{\"@type\":\"ReadAction\",\"target\":[\"https:\\\/\\\/stolmar.pl\\\/?page_id=29\"]}]},{\"@type\":\"BreadcrumbList\",\"@id\":\"https:\\\/\\\/stolmar.pl\\\/?page_id=29#breadcrumb\",\"itemListElement\":[{\"@type\":\"ListItem\",\"position\":1,\"name\":\"Home\",\"item\":\"https:\\\/\\\/stolmar.pl\\\/\"},{\"@type\":\"ListItem\",\"position\":2,\"name\":\"Galeria\"}]},{\"@type\":\"WebSite\",\"@id\":\"https:\\\/\\\/stolmar.pl\\\/#website\",\"url\":\"https:\\\/\\\/stolmar.pl\\\/\",\"name\":\"Stolmar - meble na ka\u017cdy wymiar\",\"description\":\"Strona firmy, kt\u00f3ra produkuje meble na wymiar.\",\"publisher\":{\"@id\":\"https:\\\/\\\/stolmar.pl\\\/#organization\"},\"potentialAction\":[{\"@type\":\"SearchAction\",\"target\":{\"@type\":\"EntryPoint\",\"urlTemplate\":\"https:\\\/\\\/stolmar.pl\\\/?s={search_term_string}\"},\"query-input\":{\"@type\":\"PropertyValueSpecification\",\"valueRequired\":true,\"valueName\":\"search_term_string\"}}],\"inLanguage\":\"pl-PL\"},{\"@type\":\"Organization\",\"@id\":\"https:\\\/\\\/stolmar.pl\\\/#organization\",\"name\":\"Stolmar\",\"url\":\"https:\\\/\\\/stolmar.pl\\\/\",\"logo\":{\"@type\":\"ImageObject\",\"inLanguage\":\"pl-PL\",\"@id\":\"https:\\\/\\\/stolmar.pl\\\/#\\\/schema\\\/logo\\\/image\\\/\",\"url\":\"http:\\\/\\\/stolmar.pl\\\/wp-content\\\/uploads\\\/2024\\\/03\\\/logo.png\",\"contentUrl\":\"http:\\\/\\\/stolmar.pl\\\/wp-content\\\/uploads\\\/2024\\\/03\\\/logo.png\",\"width\":645,\"height\":205,\"caption\":\"Stolmar\"},\"image\":{\"@id\":\"https:\\\/\\\/stolmar.pl\\\/#\\\/schema\\\/logo\\\/image\\\/\"},\"sameAs\":[\"https:\\\/\\\/www.facebook.com\\\/stolmar.grajewo\"]}]}<\/script>\n<!-- \/ Yoast SEO plugin. -->","yoast_head_json":{"title":"stolmar.pl - Galeria - Stolmar - meble na ka\u017cdy wymiar - Grajewo","description":"Galeria realizacji projekt\u00f3w - Stolmar - meble na ka\u017cdy wymiar. Strona przedstawia w postaci galerii realizacji projekt\u00f3w Stolmar w Grajewie.","robots":{"index":"index","follow":"follow","max-snippet":"max-snippet:-1","max-image-preview":"max-image-preview:large","max-video-preview":"max-video-preview:-1"},"canonical":"https:\/\/stolmar.pl\/?page_id=29","og_locale":"pl_PL","og_type":"article","og_title":"stolmar.pl - Galeria - Stolmar - meble na ka\u017cdy wymiar - Grajewo","og_description":"Galeria realizacji projekt\u00f3w - Stolmar - meble na ka\u017cdy wymiar. Strona przedstawia w postaci galerii realizacji projekt\u00f3w Stolmar w Grajewie.","og_url":"https:\/\/stolmar.pl\/?page_id=29","og_site_name":"Stolmar - meble na ka\u017cdy wymiar","article_publisher":"https:\/\/www.facebook.com\/stolmar.grajewo","article_modified_time":"2024-11-21T06:05:14+00:00","twitter_card":"summary_large_image","twitter_misc":{"Szacowany czas czytania":"1 minuta"},"schema":{"@context":"https:\/\/schema.org","@graph":[{"@type":"WebPage","@id":"https:\/\/stolmar.pl\/?page_id=29","url":"https:\/\/stolmar.pl\/?page_id=29","name":"stolmar.pl - Galeria - Stolmar - meble na ka\u017cdy wymiar - Grajewo","isPartOf":{"@id":"https:\/\/stolmar.pl\/#website"},"datePublished":"2024-08-20T08:13:38+00:00","dateModified":"2024-11-21T06:05:14+00:00","description":"Galeria realizacji projekt\u00f3w - Stolmar - meble na ka\u017cdy wymiar. Strona przedstawia w postaci galerii realizacji projekt\u00f3w Stolmar w Grajewie.","breadcrumb":{"@id":"https:\/\/stolmar.pl\/?page_id=29#breadcrumb"},"inLanguage":"pl-PL","potentialAction":[{"@type":"ReadAction","target":["https:\/\/stolmar.pl\/?page_id=29"]}]},{"@type":"BreadcrumbList","@id":"https:\/\/stolmar.pl\/?page_id=29#breadcrumb","itemListElement":[{"@type":"ListItem","position":1,"name":"Home","item":"https:\/\/stolmar.pl\/"},{"@type":"ListItem","position":2,"name":"Galeria"}]},{"@type":"WebSite","@id":"https:\/\/stolmar.pl\/#website","url":"https:\/\/stolmar.pl\/","name":"Stolmar - meble na ka\u017cdy wymiar","description":"Strona firmy, kt\u00f3ra produkuje meble na wymiar.","publisher":{"@id":"https:\/\/stolmar.pl\/#organization"},"potentialAction":[{"@type":"SearchAction","target":{"@type":"EntryPoint","urlTemplate":"https:\/\/stolmar.pl\/?s={search_term_string}"},"query-input":{"@type":"PropertyValueSpecification","valueRequired":true,"valueName":"search_term_string"}}],"inLanguage":"pl-PL"},{"@type":"Organization","@id":"https:\/\/stolmar.pl\/#organization","name":"Stolmar","url":"https:\/\/stolmar.pl\/","logo":{"@type":"ImageObject","inLanguage":"pl-PL","@id":"https:\/\/stolmar.pl\/#\/schema\/logo\/image\/","url":"http:\/\/stolmar.pl\/wp-content\/uploads\/2024\/03\/logo.png","contentUrl":"http:\/\/stolmar.pl\/wp-content\/uploads\/2024\/03\/logo.png","width":645,"height":205,"caption":"Stolmar"},"image":{"@id":"https:\/\/stolmar.pl\/#\/schema\/logo\/image\/"},"sameAs":["https:\/\/www.facebook.com\/stolmar.grajewo"]}]}},"_links":{"self":[{"href":"https:\/\/stolmar.pl\/index.php?rest_route=\/wp\/v2\/pages\/29","targetHints":{"allow":["GET"]}}],"collection":[{"href":"https:\/\/stolmar.pl\/index.php?rest_route=\/wp\/v2\/pages"}],"about":[{"href":"https:\/\/stolmar.pl\/index.php?rest_route=\/wp\/v2\/types\/page"}],"author":[{"embeddable":true,"href":"https:\/\/stolmar.pl\/index.php?rest_route=\/wp\/v2\/users\/1"}],"replies":[{"embeddable":true,"href":"https:\/\/stolmar.pl\/index.php?rest_route=%2Fwp%2Fv2%2Fcomments&post=29"}],"version-history":[{"count":37,"href":"https:\/\/stolmar.pl\/index.php?rest_route=\/wp\/v2\/pages\/29\/revisions"}],"predecessor-version":[{"id":354,"href":"https:\/\/stolmar.pl\/index.php?rest_route=\/wp\/v2\/pages\/29\/revisions\/354"}],"wp:attachment":[{"href":"https:\/\/stolmar.pl\/index.php?rest_route=%2Fwp%2Fv2%2Fmedia&parent=29"}],"curies":[{"name":"wp","href":"https:\/\/api.w.org\/{rel}","templated":true}]}}