{"id":34,"date":"2024-02-24T09:18:36","date_gmt":"2024-02-24T08:18:36","guid":{"rendered":"https:\/\/stolmar.pl\/?page_id=34"},"modified":"2024-08-21T10:44:44","modified_gmt":"2024-08-21T08:44:44","slug":"map","status":"publish","type":"page","link":"https:\/\/stolmar.pl\/?page_id=34","title":{"rendered":"Kontakt"},"content":{"rendered":"<div id=\"wpgmza_map\" class=\"wpgmza_map\" data-settings='{\"id\":\"1\",\"map_title\":\"My first map\",\"map_width\":\"100\",\"map_height\":\"400\",\"map_start_lat\":\"53.6330126\",\"map_start_lng\":\"22.4682282\",\"map_start_location\":\"45.950464398418106,-109.81550500000003\",\"map_start_zoom\":\"16\",\"default_marker\":\"\",\"type\":\"1\",\"alignment\":\"4\",\"directions_enabled\":\"0\",\"styling_enabled\":\"0\",\"styling_json\":\"\",\"active\":\"0\",\"kml\":\"\",\"bicycle\":\"0\",\"traffic\":\"0\",\"dbox\":\"0\",\"dbox_width\":\"\",\"listmarkers\":\"0\",\"listmarkers_advanced\":\"0\",\"filterbycat\":\"0\",\"ugm_enabled\":\"0\",\"ugm_category_enabled\":\"0\",\"fusion\":\"\",\"map_width_type\":\"%\",\"map_height_type\":\"px\",\"mass_marker_support\":\"0\",\"ugm_access\":\"0\",\"order_markers_by\":\"0\",\"order_markers_choice\":\"0\",\"show_user_location\":\"0\",\"default_to\":\"\",\"other_settings\":{\"map_type\":1,\"sl_stroke_color\":\"\",\"sl_fill_color\":\"\",\"sl_stroke_opacity\":\"\",\"sl_fill_opacity\":\"\",\"transport_layer\":false,\"action\":\"wpgmza_save_map\",\"redirect_to\":\"\\\/wp-admin\\\/admin-post.php\",\"map_id\":\"1\",\"http_referer\":\"\\\/wp-admin\\\/admin.php?page=wp-google-maps-menu&amp;amp;action=edit&amp;amp;map_id=1\",\"wpgmza_id\":\"1\",\"wpgmza_start_location\":\"53.6330126,22.4682282\",\"wpgmza_start_zoom\":\"17\",\"wpgmza_theme_data\":\"\",\"store_locator_enabled\":false,\"store_locator_search_area\":\"radial\",\"wpgmza_store_locator_radius_style\":\"legacy\",\"wpgmza_store_locator_default_radius\":\"10\",\"store_locator_auto_area_max_zoom\":\"\",\"store_locator_distance\":false,\"wpgmza_store_locator_position\":false,\"store_locator_show_distance\":false,\"store_locator_category\":false,\"wpgmza_store_locator_use_their_location\":false,\"wpgmza_store_locator_bounce\":false,\"wpgmza_sl_animation\":null,\"wpgmza_store_locator_hide_before_search\":false,\"store_locator_query_string\":\"\",\"store_locator_location_placeholder\":\"\",\"store_locator_default_address\":\"\",\"store_locator_name_search\":false,\"store_locator_name_string\":\"\",\"store_locator_not_found_message\":\"\",\"wpgmza_map_align\":\"1\",\"jump_to_nearest_marker_on_initialization\":false,\"automatically_pan_to_users_location\":false,\"override_users_location_zoom_level\":false,\"override_users_location_zoom_levels\":\"\",\"show_distance_from_location\":false,\"map_max_zoom\":\"21\",\"map_min_zoom\":\"0\",\"click_open_link\":false,\"fit_maps_bounds_to_markers\":false,\"fit_maps_bounds_to_markers_after_filtering\":false,\"hide_point_of_interest\":false,\"wpgmza_zoom_on_marker_click\":false,\"wpgmza_zoom_on_marker_click_slider\":\"\",\"close_infowindow_on_map_click\":false,\"disable_lightbox_images\":false,\"use_Raw_Jpeg_Coordinates\":false,\"polygon_labels\":false,\"disable_polygon_info_windows\":false,\"enable_marker_ratings\":false,\"only_load_markers_within_viewport\":false,\"iw_primary_color\":\"#000000\",\"iw_accent_color\":\"#000000\",\"iw_text_color\":\"#000000\",\"wpgmza_listmarkers_by\":\"0\",\"wpgmza_marker_listing_position\":false,\"wpgmza_push_in_map\":false,\"wpgmza_push_in_map_placement\":null,\"wpgmza_push_in_map_width\":\"\",\"wpgmza_push_in_map_height\":\"\",\"zoom_level_on_marker_listing_override\":false,\"zoom_level_on_marker_listing_click\":\"\",\"marker_listing_disable_zoom\":false,\"datatable_no_result_message\":\"\",\"remove_search_box_datables\":false,\"dataTable_pagination_style\":null,\"datatable_search_string\":\"\",\"datatable_result_start\":\"\",\"datatable_result_of\":\"\",\"datatable_result_to\":\"\",\"datatable_result_total\":\"\",\"datatable_result_show\":\"\",\"datatable_result_entries\":\"\",\"wpgmza_savemap\":\"Zapisz map\\u0119 \\u00bb\"}}' data-map-id='1' Data-maps-engine='open-layers' data-shortcode-attributes='{\"id\":\"1\"}' style=\"display:block; overflow:auto; width:100%; height:400px; float:left;\"><\/div>\n\n\n\n<div class=\"wp-block-columns is-layout-flex wp-container-core-columns-is-layout-28f84493 wp-block-columns-is-layout-flex\">\n<div class=\"wp-block-column is-layout-flow wp-block-column-is-layout-flow\">\n<h2 class=\"wp-block-heading has-text-align-center\">STOLMAR MARIUSZ WOJCIECHOWSKI I MARIUSZ BA\u0143CEROWSKI SP\u00d3\u0141KA CYWILNA<\/h2>\n\n\n\n<p class=\"has-text-align-center\"><strong>ul. Elewatorska 9<\/strong><\/p>\n\n\n\n<p class=\"has-text-align-center\"><strong>19-200 Grajewo<\/strong><\/p>\n\n\n\n<p class=\"has-text-align-center\">NIP: <strong>719-156-66-95<\/strong><\/p>\n<\/div>\n\n\n\n<div class=\"wp-block-column is-layout-flow wp-block-column-is-layout-flow\">\n<div class=\"wp-block-cover is-light choose-us-section wow bounceInDown delay-1000\" style=\"padding-top:5em;padding-bottom:5em;min-height:154px;aspect-ratio:unset;\"><span aria-hidden=\"true\" class=\"wp-block-cover__background has-white-background-color has-background-dim-100 has-background-dim\"><\/span><div class=\"wp-block-cover__inner-container is-layout-flow wp-block-cover-is-layout-flow\">\n<div class=\"wp-block-columns is-layout-flex wp-container-core-columns-is-layout-28f84493 wp-block-columns-is-layout-flex\">\n<div class=\"wp-block-column is-layout-flow wp-block-column-is-layout-flow\">\n<figure class=\"wp-block-image alignleft size-full is-resized\"><img decoding=\"async\" src=\"https:\/\/stolmar.pl\/wp-content\/themes\/auto-car-dealership\/images\/chooseus-image3.png\" alt=\"\" class=\"wp-image-23\" style=\"width:30px;height:auto\"\/><\/figure>\n\n\n\n<p><strong>696 251 143<\/strong><\/p>\n<\/div>\n<\/div>\n\n\n\n<div class=\"wp-block-columns is-layout-flex wp-container-core-columns-is-layout-28f84493 wp-block-columns-is-layout-flex\">\n<div class=\"wp-block-column is-layout-flow wp-block-column-is-layout-flow\">\n<figure class=\"wp-block-image alignleft size-full is-resized\"><img decoding=\"async\" src=\"https:\/\/stolmar.pl\/wp-content\/themes\/auto-car-dealership\/images\/chooseus-image3.png\" alt=\"\" class=\"wp-image-23\" style=\"width:30px;height:auto\"\/><\/figure>\n\n\n\n<p><strong>698 244 679<\/strong><\/p>\n<\/div>\n<\/div>\n<\/div><\/div>\n<\/div>\n\n\n\n<div class=\"wp-block-column is-layout-flow wp-block-column-is-layout-flow\">\n<h2 class=\"wp-block-heading has-text-align-center\">Formularz kontaktowy<\/h2>\n\n\n\n<div class=\"wpcf7 no-js\" id=\"wpcf7-f32-o1\" lang=\"pl-PL\" dir=\"ltr\" data-wpcf7-id=\"32\">\n<div class=\"screen-reader-response\"><p role=\"status\" aria-live=\"polite\" aria-atomic=\"true\"><\/p> <ul><\/ul><\/div>\n<form action=\"\/index.php?rest_route=%2Fwp%2Fv2%2Fpages%2F34#wpcf7-f32-o1\" method=\"post\" class=\"wpcf7-form init\" aria-label=\"Formularz kontaktowy\" novalidate=\"novalidate\" data-status=\"init\">\n<fieldset class=\"hidden-fields-container\"><input type=\"hidden\" name=\"_wpcf7\" value=\"32\" \/><input type=\"hidden\" name=\"_wpcf7_version\" value=\"6.1.5\" \/><input type=\"hidden\" name=\"_wpcf7_locale\" value=\"pl_PL\" \/><input type=\"hidden\" name=\"_wpcf7_unit_tag\" value=\"wpcf7-f32-o1\" \/><input type=\"hidden\" name=\"_wpcf7_container_post\" value=\"0\" \/><input type=\"hidden\" name=\"_wpcf7_posted_data_hash\" value=\"\" \/>\n<\/fieldset>\n<p><label> Twoje imi\u0119 i nazwisko<br \/>\n<span class=\"wpcf7-form-control-wrap\" data-name=\"your-name\"><input size=\"40\" maxlength=\"400\" class=\"wpcf7-form-control wpcf7-text wpcf7-validates-as-required\" autocomplete=\"name\" aria-required=\"true\" aria-invalid=\"false\" value=\"\" type=\"text\" name=\"your-name\" \/><\/span> <\/label>\n<\/p>\n<p><label> Tw\u00f3j adres e-mail<br \/>\n<span class=\"wpcf7-form-control-wrap\" data-name=\"your-email\"><input size=\"40\" maxlength=\"400\" class=\"wpcf7-form-control wpcf7-email wpcf7-validates-as-required wpcf7-text wpcf7-validates-as-email\" autocomplete=\"email\" aria-required=\"true\" aria-invalid=\"false\" value=\"\" type=\"email\" name=\"your-email\" \/><\/span> <\/label>\n<\/p>\n<p><label> Temat<br \/>\n<span class=\"wpcf7-form-control-wrap\" data-name=\"your-subject\"><input size=\"40\" maxlength=\"400\" class=\"wpcf7-form-control wpcf7-text wpcf7-validates-as-required\" aria-required=\"true\" aria-invalid=\"false\" value=\"\" type=\"text\" name=\"your-subject\" \/><\/span> <\/label>\n<\/p>\n<p><label> Twoja wiadomo\u015bci (opcjonalne)<br \/>\n<span class=\"wpcf7-form-control-wrap\" data-name=\"your-message\"><textarea cols=\"40\" rows=\"10\" maxlength=\"2000\" class=\"wpcf7-form-control wpcf7-textarea\" aria-invalid=\"false\" name=\"your-message\"><\/textarea><\/span> <\/label>\n<\/p>\n<p><input class=\"wpcf7-form-control wpcf7-submit has-spinner\" type=\"submit\" value=\"Wy\u015blij\" \/>\n<\/p><div class=\"wpcf7-response-output\" aria-hidden=\"true\"><\/div>\n<\/form>\n<\/div>\n\n<\/div>\n<\/div>\n\n\n\n<p class=\"has-text-align-center\"><\/p>\n","protected":false},"excerpt":{"rendered":"<p>STOLMAR MARIUSZ WOJCIECHOWSKI I MARIUSZ BA\u0143CEROWSKI SP\u00d3\u0141KA CYWILNA ul. Elewatorska 9 19-200 Grajewo NIP: 719-156-66-95 [&hellip;]<\/p>\n","protected":false},"author":1,"featured_media":0,"parent":0,"menu_order":0,"comment_status":"closed","ping_status":"closed","template":"","meta":{"ngg_post_thumbnail":0,"footnotes":""},"class_list":["post-34","page","type-page","status-publish","hentry"],"yoast_head":"<!-- This site is optimized with the Yoast SEO plugin v27.4 - https:\/\/yoast.com\/product\/yoast-seo-wordpress\/ -->\n<title>stolmar.pl - Kontakt - Stolmar - meble na ka\u017cdy wymiar - Grajewo<\/title>\n<meta name=\"description\" content=\"Stolmar - meble na ka\u017cdy wymiar Grajewo. Kontakt za pomoc\u0105 nr telefonu oraz formularza kontaktowego.\" \/>\n<meta name=\"robots\" content=\"index, follow, max-snippet:-1, max-image-preview:large, max-video-preview:-1\" \/>\n<link rel=\"canonical\" href=\"https:\/\/stolmar.pl\/?page_id=34\" \/>\n<meta property=\"og:locale\" content=\"pl_PL\" \/>\n<meta property=\"og:type\" content=\"article\" \/>\n<meta property=\"og:title\" content=\"stolmar.pl - Kontakt - Stolmar - meble na ka\u017cdy wymiar - Grajewo\" \/>\n<meta property=\"og:description\" content=\"Stolmar - meble na ka\u017cdy wymiar Grajewo. Kontakt za pomoc\u0105 nr telefonu oraz formularza kontaktowego.\" \/>\n<meta property=\"og:url\" content=\"https:\/\/stolmar.pl\/?page_id=34\" \/>\n<meta property=\"og:site_name\" content=\"Stolmar - meble na ka\u017cdy wymiar\" \/>\n<meta property=\"article:publisher\" content=\"https:\/\/www.facebook.com\/stolmar.grajewo\" \/>\n<meta property=\"article:modified_time\" content=\"2024-08-21T08:44:44+00:00\" \/>\n<meta property=\"og:image\" content=\"https:\/\/stolmar.pl\/wp-content\/themes\/auto-car-dealership\/images\/chooseus-image3.png\" \/>\n<meta name=\"twitter:card\" content=\"summary_large_image\" \/>\n<meta name=\"twitter:label1\" content=\"Szacowany czas czytania\" \/>\n\t<meta name=\"twitter:data1\" content=\"1 minuta\" \/>\n<script type=\"application\/ld+json\" class=\"yoast-schema-graph\">{\"@context\":\"https:\\\/\\\/schema.org\",\"@graph\":[{\"@type\":\"WebPage\",\"@id\":\"https:\\\/\\\/stolmar.pl\\\/?page_id=34\",\"url\":\"https:\\\/\\\/stolmar.pl\\\/?page_id=34\",\"name\":\"stolmar.pl - Kontakt - Stolmar - meble na ka\u017cdy wymiar - Grajewo\",\"isPartOf\":{\"@id\":\"http:\\\/\\\/stolmar.pl\\\/#website\"},\"primaryImageOfPage\":{\"@id\":\"https:\\\/\\\/stolmar.pl\\\/?page_id=34#primaryimage\"},\"image\":{\"@id\":\"https:\\\/\\\/stolmar.pl\\\/?page_id=34#primaryimage\"},\"thumbnailUrl\":\"https:\\\/\\\/stolmar.pl\\\/wp-content\\\/themes\\\/auto-car-dealership\\\/images\\\/chooseus-image3.png\",\"datePublished\":\"2024-02-24T08:18:36+00:00\",\"dateModified\":\"2024-08-21T08:44:44+00:00\",\"description\":\"Stolmar - meble na ka\u017cdy wymiar Grajewo. Kontakt za pomoc\u0105 nr telefonu oraz formularza kontaktowego.\",\"breadcrumb\":{\"@id\":\"https:\\\/\\\/stolmar.pl\\\/?page_id=34#breadcrumb\"},\"inLanguage\":\"pl-PL\",\"potentialAction\":[{\"@type\":\"ReadAction\",\"target\":[\"https:\\\/\\\/stolmar.pl\\\/?page_id=34\"]}]},{\"@type\":\"ImageObject\",\"inLanguage\":\"pl-PL\",\"@id\":\"https:\\\/\\\/stolmar.pl\\\/?page_id=34#primaryimage\",\"url\":\"\",\"contentUrl\":\"\"},{\"@type\":\"BreadcrumbList\",\"@id\":\"https:\\\/\\\/stolmar.pl\\\/?page_id=34#breadcrumb\",\"itemListElement\":[{\"@type\":\"ListItem\",\"position\":1,\"name\":\"Home\",\"item\":\"http:\\\/\\\/stolmar.pl\\\/\"},{\"@type\":\"ListItem\",\"position\":2,\"name\":\"Kontakt\"}]},{\"@type\":\"WebSite\",\"@id\":\"http:\\\/\\\/stolmar.pl\\\/#website\",\"url\":\"http:\\\/\\\/stolmar.pl\\\/\",\"name\":\"Stolmar - meble na ka\u017cdy wymiar\",\"description\":\"Strona firmy, kt\u00f3ra produkuje meble na wymiar.\",\"publisher\":{\"@id\":\"http:\\\/\\\/stolmar.pl\\\/#organization\"},\"potentialAction\":[{\"@type\":\"SearchAction\",\"target\":{\"@type\":\"EntryPoint\",\"urlTemplate\":\"http:\\\/\\\/stolmar.pl\\\/?s={search_term_string}\"},\"query-input\":{\"@type\":\"PropertyValueSpecification\",\"valueRequired\":true,\"valueName\":\"search_term_string\"}}],\"inLanguage\":\"pl-PL\"},{\"@type\":\"Organization\",\"@id\":\"http:\\\/\\\/stolmar.pl\\\/#organization\",\"name\":\"Stolmar\",\"url\":\"http:\\\/\\\/stolmar.pl\\\/\",\"logo\":{\"@type\":\"ImageObject\",\"inLanguage\":\"pl-PL\",\"@id\":\"http:\\\/\\\/stolmar.pl\\\/#\\\/schema\\\/logo\\\/image\\\/\",\"url\":\"http:\\\/\\\/stolmar.pl\\\/wp-content\\\/uploads\\\/2024\\\/03\\\/logo.png\",\"contentUrl\":\"http:\\\/\\\/stolmar.pl\\\/wp-content\\\/uploads\\\/2024\\\/03\\\/logo.png\",\"width\":645,\"height\":205,\"caption\":\"Stolmar\"},\"image\":{\"@id\":\"http:\\\/\\\/stolmar.pl\\\/#\\\/schema\\\/logo\\\/image\\\/\"},\"sameAs\":[\"https:\\\/\\\/www.facebook.com\\\/stolmar.grajewo\"]}]}<\/script>\n<!-- \/ Yoast SEO plugin. -->","yoast_head_json":{"title":"stolmar.pl - Kontakt - Stolmar - meble na ka\u017cdy wymiar - Grajewo","description":"Stolmar - meble na ka\u017cdy wymiar Grajewo. Kontakt za pomoc\u0105 nr telefonu oraz formularza kontaktowego.","robots":{"index":"index","follow":"follow","max-snippet":"max-snippet:-1","max-image-preview":"max-image-preview:large","max-video-preview":"max-video-preview:-1"},"canonical":"https:\/\/stolmar.pl\/?page_id=34","og_locale":"pl_PL","og_type":"article","og_title":"stolmar.pl - Kontakt - Stolmar - meble na ka\u017cdy wymiar - Grajewo","og_description":"Stolmar - meble na ka\u017cdy wymiar Grajewo. Kontakt za pomoc\u0105 nr telefonu oraz formularza kontaktowego.","og_url":"https:\/\/stolmar.pl\/?page_id=34","og_site_name":"Stolmar - meble na ka\u017cdy wymiar","article_publisher":"https:\/\/www.facebook.com\/stolmar.grajewo","article_modified_time":"2024-08-21T08:44:44+00:00","og_image":[{"url":"https:\/\/stolmar.pl\/wp-content\/themes\/auto-car-dealership\/images\/chooseus-image3.png","type":"","width":"","height":""}],"twitter_card":"summary_large_image","twitter_misc":{"Szacowany czas czytania":"1 minuta"},"schema":{"@context":"https:\/\/schema.org","@graph":[{"@type":"WebPage","@id":"https:\/\/stolmar.pl\/?page_id=34","url":"https:\/\/stolmar.pl\/?page_id=34","name":"stolmar.pl - Kontakt - Stolmar - meble na ka\u017cdy wymiar - Grajewo","isPartOf":{"@id":"http:\/\/stolmar.pl\/#website"},"primaryImageOfPage":{"@id":"https:\/\/stolmar.pl\/?page_id=34#primaryimage"},"image":{"@id":"https:\/\/stolmar.pl\/?page_id=34#primaryimage"},"thumbnailUrl":"https:\/\/stolmar.pl\/wp-content\/themes\/auto-car-dealership\/images\/chooseus-image3.png","datePublished":"2024-02-24T08:18:36+00:00","dateModified":"2024-08-21T08:44:44+00:00","description":"Stolmar - meble na ka\u017cdy wymiar Grajewo. Kontakt za pomoc\u0105 nr telefonu oraz formularza kontaktowego.","breadcrumb":{"@id":"https:\/\/stolmar.pl\/?page_id=34#breadcrumb"},"inLanguage":"pl-PL","potentialAction":[{"@type":"ReadAction","target":["https:\/\/stolmar.pl\/?page_id=34"]}]},{"@type":"ImageObject","inLanguage":"pl-PL","@id":"https:\/\/stolmar.pl\/?page_id=34#primaryimage","url":"","contentUrl":""},{"@type":"BreadcrumbList","@id":"https:\/\/stolmar.pl\/?page_id=34#breadcrumb","itemListElement":[{"@type":"ListItem","position":1,"name":"Home","item":"http:\/\/stolmar.pl\/"},{"@type":"ListItem","position":2,"name":"Kontakt"}]},{"@type":"WebSite","@id":"http:\/\/stolmar.pl\/#website","url":"http:\/\/stolmar.pl\/","name":"Stolmar - meble na ka\u017cdy wymiar","description":"Strona firmy, kt\u00f3ra produkuje meble na wymiar.","publisher":{"@id":"http:\/\/stolmar.pl\/#organization"},"potentialAction":[{"@type":"SearchAction","target":{"@type":"EntryPoint","urlTemplate":"http:\/\/stolmar.pl\/?s={search_term_string}"},"query-input":{"@type":"PropertyValueSpecification","valueRequired":true,"valueName":"search_term_string"}}],"inLanguage":"pl-PL"},{"@type":"Organization","@id":"http:\/\/stolmar.pl\/#organization","name":"Stolmar","url":"http:\/\/stolmar.pl\/","logo":{"@type":"ImageObject","inLanguage":"pl-PL","@id":"http:\/\/stolmar.pl\/#\/schema\/logo\/image\/","url":"http:\/\/stolmar.pl\/wp-content\/uploads\/2024\/03\/logo.png","contentUrl":"http:\/\/stolmar.pl\/wp-content\/uploads\/2024\/03\/logo.png","width":645,"height":205,"caption":"Stolmar"},"image":{"@id":"http:\/\/stolmar.pl\/#\/schema\/logo\/image\/"},"sameAs":["https:\/\/www.facebook.com\/stolmar.grajewo"]}]}},"_links":{"self":[{"href":"https:\/\/stolmar.pl\/index.php?rest_route=\/wp\/v2\/pages\/34","targetHints":{"allow":["GET"]}}],"collection":[{"href":"https:\/\/stolmar.pl\/index.php?rest_route=\/wp\/v2\/pages"}],"about":[{"href":"https:\/\/stolmar.pl\/index.php?rest_route=\/wp\/v2\/types\/page"}],"author":[{"embeddable":true,"href":"https:\/\/stolmar.pl\/index.php?rest_route=\/wp\/v2\/users\/1"}],"replies":[{"embeddable":true,"href":"https:\/\/stolmar.pl\/index.php?rest_route=%2Fwp%2Fv2%2Fcomments&post=34"}],"version-history":[{"count":8,"href":"https:\/\/stolmar.pl\/index.php?rest_route=\/wp\/v2\/pages\/34\/revisions"}],"predecessor-version":[{"id":336,"href":"https:\/\/stolmar.pl\/index.php?rest_route=\/wp\/v2\/pages\/34\/revisions\/336"}],"wp:attachment":[{"href":"https:\/\/stolmar.pl\/index.php?rest_route=%2Fwp%2Fv2%2Fmedia&parent=34"}],"curies":[{"name":"wp","href":"https:\/\/api.w.org\/{rel}","templated":true}]}}